{"id":59,"date":"2022-06-27T07:39:27","date_gmt":"2022-06-27T07:39:27","guid":{"rendered":"https:\/\/moritzcontent.com\/home\/"},"modified":"2024-09-20T09:47:26","modified_gmt":"2024-09-20T09:47:26","slug":"home","status":"publish","type":"page","link":"https:\/\/moritzcontent.com\/de\/","title":{"rendered":"Home"},"content":{"rendered":"\t\t<div data-elementor-type=\"wp-post\" data-elementor-id=\"59\" class=\"elementor elementor-59 elementor-12\">\n\t\t\t\t\t\t<section class=\"elementor-section elementor-top-section elementor-element elementor-element-93cb83c elementor-section-full_width elementor-section-height-min-height elementor-section-items-stretch elementor-section-height-default\" data-id=\"93cb83c\" data-element_type=\"section\" data-e-type=\"section\" data-settings=\"{&quot;background_background&quot;:&quot;classic&quot;}\">\n\t\t\t\t\t\t\t<div class=\"elementor-background-overlay\"><\/div>\n\t\t\t\t\t\t\t<div class=\"elementor-container elementor-column-gap-default\">\n\t\t\t\t\t<div class=\"elementor-column elementor-col-100 elementor-top-column elementor-element elementor-element-d0fd627\" data-id=\"d0fd627\" data-element_type=\"column\" data-e-type=\"column\">\n\t\t\t<div class=\"elementor-widget-wrap elementor-element-populated\">\n\t\t\t\t\t\t<div class=\"elementor-element elementor-element-d1c6ed9 elementor-widget__width-auto gif elementor-hidden-mobile elementor-widget elementor-widget-image\" data-id=\"d1c6ed9\" data-element_type=\"widget\" data-e-type=\"widget\" data-widget_type=\"image.default\">\n\t\t\t\t<div class=\"elementor-widget-container\">\n\t\t\t\t\t\t\t\t\t\t\t\t\t\t\t<img fetchpriority=\"high\" decoding=\"async\" width=\"1000\" height=\"540\" src=\"https:\/\/moritzcontent.com\/wp-content\/uploads\/2022\/09\/Moritz_FINAL.gif\" class=\"attachment-large size-large wp-image-1235\" alt=\"\" \/>\t\t\t\t\t\t\t\t\t\t\t\t\t\t\t<\/div>\n\t\t\t\t<\/div>\n\t\t\t\t<div class=\"elementor-element elementor-element-cf71d94 elementor-widget__width-auto gif elementor-hidden-desktop elementor-hidden-tablet elementor-widget elementor-widget-image\" data-id=\"cf71d94\" data-element_type=\"widget\" data-e-type=\"widget\" data-widget_type=\"image.default\">\n\t\t\t\t<div class=\"elementor-widget-container\">\n\t\t\t\t\t\t\t\t\t\t\t\t\t\t\t<img decoding=\"async\" width=\"500\" height=\"270\" src=\"https:\/\/moritzcontent.com\/wp-content\/uploads\/2023\/06\/Moritz_Mobile.gif\" class=\"attachment-large size-large wp-image-2441\" alt=\"\" \/>\t\t\t\t\t\t\t\t\t\t\t\t\t\t\t<\/div>\n\t\t\t\t<\/div>\n\t\t\t\t\t<\/div>\n\t\t<\/div>\n\t\t\t\t\t<\/div>\n\t\t<\/section>\n\t\t\t\t<section class=\"elementor-section elementor-top-section elementor-element elementor-element-ef261e3 elementor-section-full_width elementor-section-height-default elementor-section-height-default\" data-id=\"ef261e3\" data-element_type=\"section\" data-e-type=\"section\" data-settings=\"{&quot;animation&quot;:&quot;none&quot;}\">\n\t\t\t\t\t\t<div class=\"elementor-container elementor-column-gap-default\">\n\t\t\t\t\t<div class=\"elementor-column elementor-col-100 elementor-top-column elementor-element elementor-element-b5dfc89\" data-id=\"b5dfc89\" data-element_type=\"column\" data-e-type=\"column\">\n\t\t\t<div class=\"elementor-widget-wrap elementor-element-populated\">\n\t\t\t\t\t\t<div class=\"elementor-element elementor-element-b8c55e8 elementor-widget elementor-widget-text-editor\" data-id=\"b8c55e8\" data-element_type=\"widget\" data-e-type=\"widget\" data-widget_type=\"text-editor.default\">\n\t\t\t\t<div class=\"elementor-widget-container\">\n\t\t\t\t\t\t\t\t\t<p>willkommen auf <strong>moritz<\/strong><strong>content<\/strong>!<\/p>\t\t\t\t\t\t\t\t<\/div>\n\t\t\t\t<\/div>\n\t\t\t\t\t<\/div>\n\t\t<\/div>\n\t\t\t\t\t<\/div>\n\t\t<\/section>\n\t\t\t\t<section class=\"elementor-section elementor-top-section elementor-element elementor-element-ceb390d elementor-section-full_width elementor-section-height-default elementor-section-height-default\" data-id=\"ceb390d\" data-element_type=\"section\" data-e-type=\"section\" data-settings=\"{&quot;animation&quot;:&quot;none&quot;}\">\n\t\t\t\t\t\t<div class=\"elementor-container elementor-column-gap-default\">\n\t\t\t\t\t<div class=\"elementor-column elementor-col-100 elementor-top-column elementor-element elementor-element-8e70bc7\" data-id=\"8e70bc7\" data-element_type=\"column\" data-e-type=\"column\">\n\t\t\t<div class=\"elementor-widget-wrap elementor-element-populated\">\n\t\t\t\t\t\t<div class=\"elementor-element elementor-element-2c2a36b elementor-hidden-tablet elementor-hidden-mobile elementor-widget elementor-widget-text-editor\" data-id=\"2c2a36b\" data-element_type=\"widget\" data-e-type=\"widget\" data-widget_type=\"text-editor.default\">\n\t\t\t\t<div class=\"elementor-widget-container\">\n\t\t\t\t\t\t\t\t\t<p><strong>moritzcontent<\/strong> wird von oder in zusammenarbeit mit moritz sauer realisiert. they hat projekte als (co-)autor, dramaturgin, kurator:in, k\u00fcnstlerischer leiter, regisseurin und schauspieler:in verwirklicht. all diese verschiedenen aktivit\u00e4ten wurden zu content, der hier dokumentiert ist.<\/p><p><br \/>viel spa\u00df beim browsen!<\/p><p>\u00a0<\/p><p>\u00a0<\/p>\t\t\t\t\t\t\t\t<\/div>\n\t\t\t\t<\/div>\n\t\t\t\t\t<\/div>\n\t\t<\/div>\n\t\t\t\t\t<\/div>\n\t\t<\/section>\n\t\t\t\t<section class=\"elementor-section elementor-top-section elementor-element elementor-element-2dd8195 elementor-section-full_width elementor-hidden-desktop elementor-hidden-tablet elementor-section-height-default elementor-section-height-default\" data-id=\"2dd8195\" data-element_type=\"section\" data-e-type=\"section\" data-settings=\"{&quot;animation&quot;:&quot;none&quot;}\">\n\t\t\t\t\t\t<div class=\"elementor-container elementor-column-gap-default\">\n\t\t\t\t\t<div class=\"elementor-column elementor-col-100 elementor-top-column elementor-element elementor-element-5c4f9eb\" data-id=\"5c4f9eb\" data-element_type=\"column\" data-e-type=\"column\">\n\t\t\t<div class=\"elementor-widget-wrap elementor-element-populated\">\n\t\t\t\t\t\t<div class=\"elementor-element elementor-element-bbb1e45 elementor-hidden-tablet elementor-hidden-desktop elementor-widget elementor-widget-text-editor\" data-id=\"bbb1e45\" data-element_type=\"widget\" data-e-type=\"widget\" data-widget_type=\"text-editor.default\">\n\t\t\t\t<div class=\"elementor-widget-container\">\n\t\t\t\t\t\t\t\t\t<p><strong>moritz content<\/strong> sind Sachen, Inhalte, Projekte \u2013 oder eben: <em>content \u2013<\/em> von und mit Moritz Sauer. Er moderiert Projekte als Autor \/ Comedian \/ Dramaturg \/ Performer \/ Produktionsleiter \/ Regisseur. Am Schluss werden all diese Projekte zu content jeglicher Art.<\/p>\t\t\t\t\t\t\t\t<\/div>\n\t\t\t\t<\/div>\n\t\t\t\t\t<\/div>\n\t\t<\/div>\n\t\t\t\t\t<\/div>\n\t\t<\/section>\n\t\t\t\t<\/div>\n\t\t","protected":false},"excerpt":{"rendered":"<p>willkommen auf moritzcontent! moritzcontent wird von oder in zusammenarbeit mit moritz sauer realisiert. they hat projekte als (co-)autor, dramaturgin, kurator:in, k\u00fcnstlerischer leiter, regisseurin und schauspieler:in verwirklicht. all diese verschiedenen aktivit\u00e4ten wurden zu content, der hier dokumentiert ist. viel spa\u00df beim browsen! \u00a0 \u00a0 moritz content sind Sachen, Inhalte, Projekte \u2013 oder eben: content \u2013 von [&hellip;]<\/p>\n","protected":false},"author":1,"featured_media":1236,"parent":0,"menu_order":0,"comment_status":"closed","ping_status":"closed","template":"","meta":{"site-sidebar-layout":"default","site-content-layout":"default","ast-site-content-layout":"default","site-content-style":"default","site-sidebar-style":"default","ast-global-header-display":"","ast-banner-title-visibility":"","ast-main-header-display":"","ast-hfb-above-header-display":"","ast-hfb-below-header-display":"","ast-hfb-mobile-header-display":"","site-post-title":"disabled","ast-breadcrumbs-content":"","ast-featured-img":"disabled","footer-sml-layout":"","theme-transparent-header-meta":"default","adv-header-id-meta":"","stick-header-meta":"default","header-above-stick-meta":"","header-main-stick-meta":"","header-below-stick-meta":"","astra-migrate-meta-layouts":"default","ast-page-background-enabled":"default","ast-page-background-meta":{"desktop":{"background-color":"var(--ast-global-color-4)","background-image":"","background-repeat":"repeat","background-position":"center center","background-size":"auto","background-attachment":"scroll","background-type":"","background-media":"","overlay-type":"","overlay-color":"","overlay-opacity":"","overlay-gradient":""},"tablet":{"background-color":"","background-image":"","background-repeat":"repeat","background-position":"center center","background-size":"auto","background-attachment":"scroll","background-type":"","background-media":"","overlay-type":"","overlay-color":"","overlay-opacity":"","overlay-gradient":""},"mobile":{"background-color":"","background-image":"","background-repeat":"repeat","background-position":"center center","background-size":"auto","background-attachment":"scroll","background-type":"","background-media":"","overlay-type":"","overlay-color":"","overlay-opacity":"","overlay-gradient":""}},"ast-content-background-meta":{"desktop":{"background-color":"var(--ast-global-color-5)","background-image":"","background-repeat":"repeat","background-position":"center center","background-size":"auto","background-attachment":"scroll","background-type":"","background-media":"","overlay-type":"","overlay-color":"","overlay-opacity":"","overlay-gradient":""},"tablet":{"background-color":"var(--ast-global-color-5)","background-image":"","background-repeat":"repeat","background-position":"center center","background-size":"auto","background-attachment":"scroll","background-type":"","background-media":"","overlay-type":"","overlay-color":"","overlay-opacity":"","overlay-gradient":""},"mobile":{"background-color":"var(--ast-global-color-5)","background-image":"","background-repeat":"repeat","background-position":"center center","background-size":"auto","background-attachment":"scroll","background-type":"","background-media":"","overlay-type":"","overlay-color":"","overlay-opacity":"","overlay-gradient":""}},"footnotes":""},"class_list":["post-59","page","type-page","status-publish","has-post-thumbnail","hentry"],"yoast_head":"<!-- This site is optimized with the Yoast SEO plugin v27.4 - https:\/\/yoast.com\/product\/yoast-seo-wordpress\/ -->\n<title>Home - Moritz Content<\/title>\n<meta name=\"description\" content=\"moritz content sind Inhalte, Projekte \u2013 oder eben: content \u2013 von und mit Moritz Sauer. Er moderiert Projekte als Autor \/ Comedian \/ Dramaturg \/ Performer.\" \/>\n<meta name=\"robots\" content=\"index, follow, max-snippet:-1, max-image-preview:large, max-video-preview:-1\" \/>\n<link rel=\"canonical\" href=\"https:\/\/moritzcontent.com\/de\/\" \/>\n<meta property=\"og:locale\" content=\"de_DE\" \/>\n<meta property=\"og:type\" content=\"article\" \/>\n<meta property=\"og:title\" content=\"Home - Moritz Content\" \/>\n<meta property=\"og:description\" content=\"moritz content sind Inhalte, Projekte \u2013 oder eben: content \u2013 von und mit Moritz Sauer. Er moderiert Projekte als Autor \/ Comedian \/ Dramaturg \/ Performer.\" \/>\n<meta property=\"og:url\" content=\"https:\/\/moritzcontent.com\/de\/\" \/>\n<meta property=\"og:site_name\" content=\"Moritz Content\" \/>\n<meta property=\"article:modified_time\" content=\"2024-09-20T09:47:26+00:00\" \/>\n<meta property=\"og:image\" content=\"https:\/\/moritzcontent.com\/wp-content\/uploads\/2022\/09\/Moritz_FINAL.gif\" \/>\n\t<meta property=\"og:image:width\" content=\"1000\" \/>\n\t<meta property=\"og:image:height\" content=\"540\" \/>\n\t<meta property=\"og:image:type\" content=\"image\/gif\" \/>\n<meta name=\"twitter:card\" content=\"summary_large_image\" \/>\n<meta name=\"twitter:label1\" content=\"Gesch\u00e4tzte Lesezeit\" \/>\n\t<meta name=\"twitter:data1\" content=\"1\u00a0Minute\" \/>\n<script type=\"application\/ld+json\" class=\"yoast-schema-graph\">{\"@context\":\"https:\\\/\\\/schema.org\",\"@graph\":[{\"@type\":\"WebPage\",\"@id\":\"https:\\\/\\\/moritzcontent.com\\\/de\\\/\",\"url\":\"https:\\\/\\\/moritzcontent.com\\\/de\\\/\",\"name\":\"Home - Moritz Content\",\"isPartOf\":{\"@id\":\"https:\\\/\\\/moritzcontent.com\\\/#website\"},\"primaryImageOfPage\":{\"@id\":\"https:\\\/\\\/moritzcontent.com\\\/de\\\/#primaryimage\"},\"image\":{\"@id\":\"https:\\\/\\\/moritzcontent.com\\\/de\\\/#primaryimage\"},\"thumbnailUrl\":\"https:\\\/\\\/moritzcontent.com\\\/wp-content\\\/uploads\\\/2022\\\/09\\\/Moritz_FINAL.gif\",\"datePublished\":\"2022-06-27T07:39:27+00:00\",\"dateModified\":\"2024-09-20T09:47:26+00:00\",\"description\":\"moritz content sind Inhalte, Projekte \u2013 oder eben: content \u2013 von und mit Moritz Sauer. Er moderiert Projekte als Autor \\\/ Comedian \\\/ Dramaturg \\\/ Performer.\",\"breadcrumb\":{\"@id\":\"https:\\\/\\\/moritzcontent.com\\\/de\\\/#breadcrumb\"},\"inLanguage\":\"de\",\"potentialAction\":[{\"@type\":\"ReadAction\",\"target\":[\"https:\\\/\\\/moritzcontent.com\\\/de\\\/\"]}]},{\"@type\":\"ImageObject\",\"inLanguage\":\"de\",\"@id\":\"https:\\\/\\\/moritzcontent.com\\\/de\\\/#primaryimage\",\"url\":\"https:\\\/\\\/moritzcontent.com\\\/wp-content\\\/uploads\\\/2022\\\/09\\\/Moritz_FINAL.gif\",\"contentUrl\":\"https:\\\/\\\/moritzcontent.com\\\/wp-content\\\/uploads\\\/2022\\\/09\\\/Moritz_FINAL.gif\",\"width\":1000,\"height\":540},{\"@type\":\"BreadcrumbList\",\"@id\":\"https:\\\/\\\/moritzcontent.com\\\/de\\\/#breadcrumb\",\"itemListElement\":[{\"@type\":\"ListItem\",\"position\":1,\"name\":\"Home\",\"item\":\"https:\\\/\\\/moritzcontent.com\\\/de\\\/\"},{\"@type\":\"ListItem\",\"position\":2,\"name\":\"Home\"}]},{\"@type\":\"WebSite\",\"@id\":\"https:\\\/\\\/moritzcontent.com\\\/#website\",\"url\":\"https:\\\/\\\/moritzcontent.com\\\/\",\"name\":\"Moritz Content\",\"description\":\"content created by Moritz Sauer\",\"publisher\":{\"@id\":\"https:\\\/\\\/moritzcontent.com\\\/#organization\"},\"potentialAction\":[{\"@type\":\"SearchAction\",\"target\":{\"@type\":\"EntryPoint\",\"urlTemplate\":\"https:\\\/\\\/moritzcontent.com\\\/?s={search_term_string}\"},\"query-input\":{\"@type\":\"PropertyValueSpecification\",\"valueRequired\":true,\"valueName\":\"search_term_string\"}}],\"inLanguage\":\"de\"},{\"@type\":\"Organization\",\"@id\":\"https:\\\/\\\/moritzcontent.com\\\/#organization\",\"name\":\"Moritz Content\",\"url\":\"https:\\\/\\\/moritzcontent.com\\\/\",\"logo\":{\"@type\":\"ImageObject\",\"inLanguage\":\"de\",\"@id\":\"https:\\\/\\\/moritzcontent.com\\\/#\\\/schema\\\/logo\\\/image\\\/\",\"url\":\"https:\\\/\\\/moritzcontent.com\\\/wp-content\\\/uploads\\\/2022\\\/09\\\/cropped-Logo_Moritz-.png\",\"contentUrl\":\"https:\\\/\\\/moritzcontent.com\\\/wp-content\\\/uploads\\\/2022\\\/09\\\/cropped-Logo_Moritz-.png\",\"width\":400,\"height\":222,\"caption\":\"Moritz Content\"},\"image\":{\"@id\":\"https:\\\/\\\/moritzcontent.com\\\/#\\\/schema\\\/logo\\\/image\\\/\"}}]}<\/script>\n<!-- \/ Yoast SEO plugin. -->","yoast_head_json":{"title":"Home - Moritz Content","description":"moritz content sind Inhalte, Projekte \u2013 oder eben: content \u2013 von und mit Moritz Sauer. Er moderiert Projekte als Autor \/ Comedian \/ Dramaturg \/ Performer.","robots":{"index":"index","follow":"follow","max-snippet":"max-snippet:-1","max-image-preview":"max-image-preview:large","max-video-preview":"max-video-preview:-1"},"canonical":"https:\/\/moritzcontent.com\/de\/","og_locale":"de_DE","og_type":"article","og_title":"Home - Moritz Content","og_description":"moritz content sind Inhalte, Projekte \u2013 oder eben: content \u2013 von und mit Moritz Sauer. Er moderiert Projekte als Autor \/ Comedian \/ Dramaturg \/ Performer.","og_url":"https:\/\/moritzcontent.com\/de\/","og_site_name":"Moritz Content","article_modified_time":"2024-09-20T09:47:26+00:00","og_image":[{"url":"https:\/\/moritzcontent.com\/wp-content\/uploads\/2022\/09\/Moritz_FINAL.gif","width":1000,"height":540,"type":"image\/gif"}],"twitter_card":"summary_large_image","twitter_misc":{"Gesch\u00e4tzte Lesezeit":"1\u00a0Minute"},"schema":{"@context":"https:\/\/schema.org","@graph":[{"@type":"WebPage","@id":"https:\/\/moritzcontent.com\/de\/","url":"https:\/\/moritzcontent.com\/de\/","name":"Home - Moritz Content","isPartOf":{"@id":"https:\/\/moritzcontent.com\/#website"},"primaryImageOfPage":{"@id":"https:\/\/moritzcontent.com\/de\/#primaryimage"},"image":{"@id":"https:\/\/moritzcontent.com\/de\/#primaryimage"},"thumbnailUrl":"https:\/\/moritzcontent.com\/wp-content\/uploads\/2022\/09\/Moritz_FINAL.gif","datePublished":"2022-06-27T07:39:27+00:00","dateModified":"2024-09-20T09:47:26+00:00","description":"moritz content sind Inhalte, Projekte \u2013 oder eben: content \u2013 von und mit Moritz Sauer. Er moderiert Projekte als Autor \/ Comedian \/ Dramaturg \/ Performer.","breadcrumb":{"@id":"https:\/\/moritzcontent.com\/de\/#breadcrumb"},"inLanguage":"de","potentialAction":[{"@type":"ReadAction","target":["https:\/\/moritzcontent.com\/de\/"]}]},{"@type":"ImageObject","inLanguage":"de","@id":"https:\/\/moritzcontent.com\/de\/#primaryimage","url":"https:\/\/moritzcontent.com\/wp-content\/uploads\/2022\/09\/Moritz_FINAL.gif","contentUrl":"https:\/\/moritzcontent.com\/wp-content\/uploads\/2022\/09\/Moritz_FINAL.gif","width":1000,"height":540},{"@type":"BreadcrumbList","@id":"https:\/\/moritzcontent.com\/de\/#breadcrumb","itemListElement":[{"@type":"ListItem","position":1,"name":"Home","item":"https:\/\/moritzcontent.com\/de\/"},{"@type":"ListItem","position":2,"name":"Home"}]},{"@type":"WebSite","@id":"https:\/\/moritzcontent.com\/#website","url":"https:\/\/moritzcontent.com\/","name":"Moritz Content","description":"content created by Moritz Sauer","publisher":{"@id":"https:\/\/moritzcontent.com\/#organization"},"potentialAction":[{"@type":"SearchAction","target":{"@type":"EntryPoint","urlTemplate":"https:\/\/moritzcontent.com\/?s={search_term_string}"},"query-input":{"@type":"PropertyValueSpecification","valueRequired":true,"valueName":"search_term_string"}}],"inLanguage":"de"},{"@type":"Organization","@id":"https:\/\/moritzcontent.com\/#organization","name":"Moritz Content","url":"https:\/\/moritzcontent.com\/","logo":{"@type":"ImageObject","inLanguage":"de","@id":"https:\/\/moritzcontent.com\/#\/schema\/logo\/image\/","url":"https:\/\/moritzcontent.com\/wp-content\/uploads\/2022\/09\/cropped-Logo_Moritz-.png","contentUrl":"https:\/\/moritzcontent.com\/wp-content\/uploads\/2022\/09\/cropped-Logo_Moritz-.png","width":400,"height":222,"caption":"Moritz Content"},"image":{"@id":"https:\/\/moritzcontent.com\/#\/schema\/logo\/image\/"}}]}},"_links":{"self":[{"href":"https:\/\/moritzcontent.com\/de\/wp-json\/wp\/v2\/pages\/59","targetHints":{"allow":["GET"]}}],"collection":[{"href":"https:\/\/moritzcontent.com\/de\/wp-json\/wp\/v2\/pages"}],"about":[{"href":"https:\/\/moritzcontent.com\/de\/wp-json\/wp\/v2\/types\/page"}],"author":[{"embeddable":true,"href":"https:\/\/moritzcontent.com\/de\/wp-json\/wp\/v2\/users\/1"}],"replies":[{"embeddable":true,"href":"https:\/\/moritzcontent.com\/de\/wp-json\/wp\/v2\/comments?post=59"}],"version-history":[{"count":138,"href":"https:\/\/moritzcontent.com\/de\/wp-json\/wp\/v2\/pages\/59\/revisions"}],"predecessor-version":[{"id":2941,"href":"https:\/\/moritzcontent.com\/de\/wp-json\/wp\/v2\/pages\/59\/revisions\/2941"}],"wp:featuredmedia":[{"embeddable":true,"href":"https:\/\/moritzcontent.com\/de\/wp-json\/wp\/v2\/media\/1236"}],"wp:attachment":[{"href":"https:\/\/moritzcontent.com\/de\/wp-json\/wp\/v2\/media?parent=59"}],"curies":[{"name":"wp","href":"https:\/\/api.w.org\/{rel}","templated":true}]}}