{"id":2140,"date":"2022-09-01T11:48:55","date_gmt":"2022-09-01T11:48:55","guid":{"rendered":"https:\/\/moritzcontent.com\/impressum\/"},"modified":"2023-02-17T09:05:12","modified_gmt":"2023-02-17T09:05:12","slug":"impressum","status":"publish","type":"page","link":"https:\/\/moritzcontent.com\/de\/impressum\/","title":{"rendered":"Impressum"},"content":{"rendered":"<nav id=\"menu-wrap\" class=\"menu-back cbp-af-header light\">\n<div class=\"container\">\n<div class=\"row\">\n<div class=\"twelve columns no-vertical-padding\">\n<div class=\"clearfix\">\n<div class=\"section padding-top-big padding-bottom-120px back-white\">\n<div class=\"container\">\n<div class=\"eight columns\">\n<div id=\"primary\" class=\"content-area\">\n<h6>Impressum &amp; Datenschutzerkl\u00e4rung<\/h6>\n<h6>Angaben gem\u00e4\u00df \u00a7 5 TMG:<\/h6>\n<p>&nbsp;<\/p>\n<\/div>\n<\/div>\n<\/div>\n<\/div>\n<\/div>\n<\/div>\n<\/div>\n<\/div>\n<\/nav>\n<h6><b>Moritz Content<\/b><\/h6>\n<h6><b>by Moritz Sauer <\/b><\/h6>\n<h6>Koloniestra\u00dfe 35a, 13359 Berlin<\/h6>\n<h6>mail@moritzcontent.com<\/h6>\n<h6><strong>Gestaltung:<\/strong>\u2028 <a href=\"http:\/\/www.mete.fyi\" target=\"_blank\" rel=\"noopener\">Mete.fyi<\/a><\/h6>\n<p>&nbsp;<\/p>\n<div id=\"content\" class=\"site-content\">\n<div class=\"section padding-top-big padding-bottom-120px back-white\">\n<div class=\"container\">\n<div class=\"eight columns\">\n<div id=\"primary\" class=\"content-area\">\n<article id=\"post-407\" class=\"post-407 page type-page status-publish hentry\">\n<div class=\"entry-content\">\n<div class=\"vc_row wpb_row vc_row-fluid\">\n<div class=\"wpb_column vc_column_container vc_col-sm-6\">\n<div class=\"vc_column-inner\">\n<div class=\"wpb_wrapper\">\n<div class=\"wpb_text_column wpb_content_element vc_custom_1586794508987\">\n<div class=\"wpb_wrapper\">\n<p><strong>Haftungsausschluss (Disclaimer)<\/strong><\/p>\n<p><strong>Haftung f\u00fcr Inhalte<\/strong><\/p>\n<p>Als Diensteanbieter sind wir gem\u00e4\u00df \u00a7 7 Abs.1\u00a0TMG\u00a0f\u00fcr eigene Inhalte auf diesen Seiten nach den allgemeinen Gesetzen verantwortlich. Nach \u00a7\u00a7 8 bis 10\u00a0TMG\u00a0sind wir als Diensteanbieter jedoch nicht verpflichtet, \u00fcbermittelte oder gespeicherte fremde Informationen zu \u00fcberwachen oder nach Umst\u00e4nden zu forschen, die auf eine rechtswidrige T\u00e4tigkeit hinweisen.<\/p>\n<p>Verpflichtungen zur Entfernung oder Sperrung der Nutzung von Informationen nach den allgemeinen Gesetzen bleiben hiervon unber\u00fchrt. Eine diesbez\u00fcgliche Haftung ist jedoch erst ab dem Zeitpunkt der Kenntnis einer konkreten Rechtsverletzung m\u00f6glich. Bei Bekanntwerden von entsprechenden Rechtsverletzungen werden wir diese Inhalte umgehend entfernen.<br \/>\nHaftung f\u00fcr Links<\/p>\n<p>Unser Angebot enth\u00e4lt Links zu externen Webseiten Dritter, auf deren Inhalte wir keinen Einfluss haben. Deshalb k\u00f6nnen wir f\u00fcr diese fremden Inhalte auch keine Gew\u00e4hr \u00fcbernehmen. F\u00fcr die Inhalte der verlinkten Seiten ist stets der jeweilige Anbieter oder Betreiber der Seiten verantwortlich. Die verlinkten Seiten wurden zum Zeitpunkt der Verlinkung auf m\u00f6gliche Rechtsverst\u00f6\u00dfe \u00fcberpr\u00fcft. Rechtswidrige Inhalte waren zum Zeitpunkt der Verlinkung nicht erkennbar.<\/p>\n<p>Eine permanente inhaltliche Kontrolle der verlinkten Seiten ist jedoch ohne konkrete Anhaltspunkte einer Rechtsverletzung nicht zumutbar. Bei Bekanntwerden von Rechtsverletzungen werden wir derartige Links umgehend entfernen.<\/p>\n<p><strong>Urheberrecht<\/strong><\/p>\n<p>Die durch die Seitenbetreiber erstellten Inhalte und Werke auf diesen Seiten unterliegen dem deutschen Urheberrecht. Die Vervielf\u00e4ltigung, Bearbeitung, Verbreitung und jede Art der Verwertung au\u00dferhalb der Grenzen des Urheberrechtes bed\u00fcrfen der schriftlichen Zustimmung des jeweiligen Autors bzw. Erstellers. Downloads und Kopien dieser Seite sind nur f\u00fcr den privaten, nicht kommerziellen Gebrauch gestattet.<br \/>\n.Soweit die Inhalte auf dieser Seite nicht vom Betreiber erstellt wurden, werden die Urheberrechte Dritter beachtet. Insbesondere werden Inhalte Dritter als solche gekennzeichnet. Sollten Sie trotzdem auf eine Urheberrechtsverletzung aufmerksam werden, bitten wir um einen entsprechenden Hinweis. Bei Bekanntwerden von Rechtsverletzungen werden wir derartige Inhalte umgehend entfernen.<\/p>\n<p><strong>Datenschutz<\/strong><\/p>\n<p>Die Betreiber dieser Seiten nehmen den Schutz Ihrer pers\u00f6nlichen Daten sehr ernst. Wir behandeln Ihre personenbezogenen Daten vertraulich und entsprechend der gesetzlichen Datenschutzvorschriften sowie dieser Datenschutzerkl\u00e4rung.<\/p>\n<p>Die Nutzung unserer Website ist in der Regel ohne Angabe personenbezogener Daten m\u00f6glich. Soweit auf unseren Seiten personenbezogene Daten (beispielsweise Name, Anschrift oder E-Mail-Adressen) erhoben werden, erfolgt dies, soweit m\u00f6glich, stets auf freiwilliger Basis. Diese Daten werden ohne Ihre ausdr\u00fcckliche Zustimmung nicht an Dritte weitergegeben.<\/p>\n<p>Wir weisen darauf hin, dass die Daten\u00fcbertragung im Internet (z.B. bei der Kommunikation per E-Mail) Sicherheitsl\u00fccken aufweisen kann. Ein l\u00fcckenloser Schutz der Daten vor dem Zugriff durch Dritte ist nicht m\u00f6glich.<\/p>\n<p><strong>Vimeo<\/strong><\/p>\n<p>Wir setzen auf unserer Seite Plug-ins von Vimeo ein, die bei jedem Aufruf unserer Webseite veranlasst, dass der von Ihnen verwendete Browser eine entsprechende Darstellung der Komponente von Vimeo automatisch herunterl\u00e4dt, damit Sie die Bewegtbilddarstellung \u00fcberhaupt ansehen k\u00f6nnen. Sollten Sie unsere Seiten aufrufen w\u00e4hrend Sie bei Vimeo eingeloggt sind, werden die durch das Plug-in \u00fcbertragenen Informationen Ihrem pers\u00f6nlichen Vimeo-Account zugeordnet.<\/p>\n<p>Sie k\u00f6nnen diese \u00dcbermittlung und Speicherung von Daten \u00fcber Sie und Ihr Verhalten auf unserer Webseite durch Vimeo unterbinden, indem Sie sich bei Vimeo ausloggen bevor Sie unsere Seite besuchen. Die Datenschutzhinweise (Privacy) von Vimeo geben dazu weitere Informationen, insbesondere zur Erhebung und Nutzung der Daten durch Vimeo: https:\/\/vimeo.com\/privacy. Vimeo ist ein Service der Vimeo\u00a0LCC, ans\u00e4ssig in 555 West 18th Street, New York, New York 10011,\u00a0USA.<\/p>\n<p><strong>Server-Log-Files<\/strong><\/p>\n<p>Der Provider der Seiten erhebt und speichert automatisch Informationen in so genannten Server-Log Files, die Ihr Browser automatisch an uns \u00fcbermittelt. Dies sind:<br \/>\n\u2022 Browsertyp und Browserversion<br \/>\n\u2022 verwendetes Betriebssystem<br \/>\n\u2022 Referrer<br \/>\n\u2022 URL<br \/>\n\u2022 Hostname des zugreifenden Rechners<br \/>\n\u2022 Uhrzeit der Serveranfrage<br \/>\nDiese Daten sind nicht bestimmten Personen zuordenbar. Eine Zusammenf\u00fchrung dieser Daten mit anderen Datenquellen wird nicht vorgenommen. Wir behalten uns vor, diese Daten nachtr\u00e4glich zu pr\u00fcfen, wenn uns konkrete Anhaltspunkte f\u00fcr eine rechtswidrige Nutzung bekannt werden.<br \/>\nRecht auf Auskunft, L\u00f6schung, Sperrung<\/p>\n<p>Sie haben jederzeit das Recht auf unentgeltliche Auskunft \u00fcber Ihre gespeicherten personenbezogenen Daten, deren Herkunft und Empf\u00e4nger und den Zweck der Datenverarbeitung sowie ein Recht auf Berichtigung, Sperrung oder L\u00f6schung dieser Daten. Hierzu sowie zu weiteren Fragen zum Thema personenbezogene Daten k\u00f6nnen Sie sich jederzeit unter der im Impressum angegebenen Adresse an uns wenden.<\/p>\n<p><strong>Widerspruch Werbe-Mails<\/strong><\/p>\n<p>Der Nutzung von im Rahmen der Impressumspflicht ver\u00f6ffentlichten Kontaktdaten zur \u00dcbersendung von nicht ausdr\u00fccklich angeforderter Werbung und Informationsmaterialien wird hiermit widersprochen. Die Betreiber der Seiten behalten sich ausdr\u00fccklich rechtliche Schritte im Falle der unverlangten Zusendung von Werbeinformationen, etwa durch Spam-E-Mails, vor.<\/p>\n<\/div>\n<\/div>\n<\/div>\n<\/div>\n<\/div>\n<\/div>\n<\/div>\n<\/article>\n<\/div>\n<\/div>\n<\/div>\n<\/div>\n<\/div>\n","protected":false},"excerpt":{"rendered":"<p>Impressum &amp; Datenschutzerkl\u00e4rung Angaben gem\u00e4\u00df \u00a7 5 TMG: &nbsp; Moritz Content by Moritz Sauer Koloniestra\u00dfe 35a, 13359 Berlin mail@moritzcontent.com Gestaltung:\u2028 Mete.fyi &nbsp; Haftungsausschluss (Disclaimer) Haftung f\u00fcr Inhalte Als Diensteanbieter sind wir gem\u00e4\u00df \u00a7 7 Abs.1\u00a0TMG\u00a0f\u00fcr eigene Inhalte auf diesen Seiten nach den allgemeinen Gesetzen verantwortlich. Nach \u00a7\u00a7 8 bis 10\u00a0TMG\u00a0sind wir als Diensteanbieter jedoch nicht [&hellip;]<\/p>\n","protected":false},"author":1,"featured_media":0,"parent":0,"menu_order":10,"comment_status":"closed","ping_status":"closed","template":"","meta":{"site-sidebar-layout":"no-sidebar","site-content-layout":"default","ast-site-content-layout":"default","site-content-style":"default","site-sidebar-style":"default","ast-global-header-display":"","ast-banner-title-visibility":"","ast-main-header-display":"","ast-hfb-above-header-display":"","ast-hfb-below-header-display":"","ast-hfb-mobile-header-display":"","site-post-title":"disabled","ast-breadcrumbs-content":"","ast-featured-img":"","footer-sml-layout":"","theme-transparent-header-meta":"default","adv-header-id-meta":"","stick-header-meta":"default","header-above-stick-meta":"","header-main-stick-meta":"","header-below-stick-meta":"","astra-migrate-meta-layouts":"default","ast-page-background-enabled":"default","ast-page-background-meta":{"desktop":{"background-color":"var(--ast-global-color-4)","background-image":"","background-repeat":"repeat","background-position":"center center","background-size":"auto","background-attachment":"scroll","background-type":"","background-media":"","overlay-type":"","overlay-color":"","overlay-opacity":"","overlay-gradient":""},"tablet":{"background-color":"","background-image":"","background-repeat":"repeat","background-position":"center center","background-size":"auto","background-attachment":"scroll","background-type":"","background-media":"","overlay-type":"","overlay-color":"","overlay-opacity":"","overlay-gradient":""},"mobile":{"background-color":"","background-image":"","background-repeat":"repeat","background-position":"center center","background-size":"auto","background-attachment":"scroll","background-type":"","background-media":"","overlay-type":"","overlay-color":"","overlay-opacity":"","overlay-gradient":""}},"ast-content-background-meta":{"desktop":{"background-color":"var(--ast-global-color-5)","background-image":"","background-repeat":"repeat","background-position":"center center","background-size":"auto","background-attachment":"scroll","background-type":"","background-media":"","overlay-type":"","overlay-color":"","overlay-opacity":"","overlay-gradient":""},"tablet":{"background-color":"var(--ast-global-color-5)","background-image":"","background-repeat":"repeat","background-position":"center center","background-size":"auto","background-attachment":"scroll","background-type":"","background-media":"","overlay-type":"","overlay-color":"","overlay-opacity":"","overlay-gradient":""},"mobile":{"background-color":"var(--ast-global-color-5)","background-image":"","background-repeat":"repeat","background-position":"center center","background-size":"auto","background-attachment":"scroll","background-type":"","background-media":"","overlay-type":"","overlay-color":"","overlay-opacity":"","overlay-gradient":""}},"footnotes":""},"class_list":["post-2140","page","type-page","status-publish","hentry"],"yoast_head":"<!-- This site is optimized with the Yoast SEO plugin v27.4 - https:\/\/yoast.com\/product\/yoast-seo-wordpress\/ -->\n<title>Impressum - Moritz Content<\/title>\n<meta name=\"robots\" content=\"index, follow, max-snippet:-1, max-image-preview:large, max-video-preview:-1\" \/>\n<link rel=\"canonical\" href=\"https:\/\/moritzcontent.com\/de\/impressum\/\" \/>\n<meta property=\"og:locale\" content=\"de_DE\" \/>\n<meta property=\"og:type\" content=\"article\" \/>\n<meta property=\"og:title\" content=\"Impressum - Moritz Content\" \/>\n<meta property=\"og:description\" content=\"Impressum &amp; Datenschutzerkl\u00e4rung Angaben gem\u00e4\u00df \u00a7 5 TMG: &nbsp; Moritz Content by Moritz Sauer Koloniestra\u00dfe 35a, 13359 Berlin mail@moritzcontent.com Gestaltung:\u2028 Mete.fyi &nbsp; Haftungsausschluss (Disclaimer) Haftung f\u00fcr Inhalte Als Diensteanbieter sind wir gem\u00e4\u00df \u00a7 7 Abs.1\u00a0TMG\u00a0f\u00fcr eigene Inhalte auf diesen Seiten nach den allgemeinen Gesetzen verantwortlich. Nach \u00a7\u00a7 8 bis 10\u00a0TMG\u00a0sind wir als Diensteanbieter jedoch nicht [&hellip;]\" \/>\n<meta property=\"og:url\" content=\"https:\/\/moritzcontent.com\/de\/impressum\/\" \/>\n<meta property=\"og:site_name\" content=\"Moritz Content\" \/>\n<meta property=\"article:modified_time\" content=\"2023-02-17T09:05:12+00:00\" \/>\n<meta name=\"twitter:card\" content=\"summary_large_image\" \/>\n<meta name=\"twitter:label1\" content=\"Gesch\u00e4tzte Lesezeit\" \/>\n\t<meta name=\"twitter:data1\" content=\"4\u00a0Minuten\" \/>\n<script type=\"application\/ld+json\" class=\"yoast-schema-graph\">{\"@context\":\"https:\\\/\\\/schema.org\",\"@graph\":[{\"@type\":\"WebPage\",\"@id\":\"https:\\\/\\\/moritzcontent.com\\\/de\\\/impressum\\\/\",\"url\":\"https:\\\/\\\/moritzcontent.com\\\/de\\\/impressum\\\/\",\"name\":\"Impressum - Moritz Content\",\"isPartOf\":{\"@id\":\"https:\\\/\\\/moritzcontent.com\\\/#website\"},\"datePublished\":\"2022-09-01T11:48:55+00:00\",\"dateModified\":\"2023-02-17T09:05:12+00:00\",\"breadcrumb\":{\"@id\":\"https:\\\/\\\/moritzcontent.com\\\/de\\\/impressum\\\/#breadcrumb\"},\"inLanguage\":\"de\",\"potentialAction\":[{\"@type\":\"ReadAction\",\"target\":[\"https:\\\/\\\/moritzcontent.com\\\/de\\\/impressum\\\/\"]}]},{\"@type\":\"BreadcrumbList\",\"@id\":\"https:\\\/\\\/moritzcontent.com\\\/de\\\/impressum\\\/#breadcrumb\",\"itemListElement\":[{\"@type\":\"ListItem\",\"position\":1,\"name\":\"Home\",\"item\":\"https:\\\/\\\/moritzcontent.com\\\/de\\\/\"},{\"@type\":\"ListItem\",\"position\":2,\"name\":\"Impressum\"}]},{\"@type\":\"WebSite\",\"@id\":\"https:\\\/\\\/moritzcontent.com\\\/#website\",\"url\":\"https:\\\/\\\/moritzcontent.com\\\/\",\"name\":\"Moritz Content\",\"description\":\"content created by Moritz Sauer\",\"publisher\":{\"@id\":\"https:\\\/\\\/moritzcontent.com\\\/#organization\"},\"potentialAction\":[{\"@type\":\"SearchAction\",\"target\":{\"@type\":\"EntryPoint\",\"urlTemplate\":\"https:\\\/\\\/moritzcontent.com\\\/?s={search_term_string}\"},\"query-input\":{\"@type\":\"PropertyValueSpecification\",\"valueRequired\":true,\"valueName\":\"search_term_string\"}}],\"inLanguage\":\"de\"},{\"@type\":\"Organization\",\"@id\":\"https:\\\/\\\/moritzcontent.com\\\/#organization\",\"name\":\"Moritz Content\",\"url\":\"https:\\\/\\\/moritzcontent.com\\\/\",\"logo\":{\"@type\":\"ImageObject\",\"inLanguage\":\"de\",\"@id\":\"https:\\\/\\\/moritzcontent.com\\\/#\\\/schema\\\/logo\\\/image\\\/\",\"url\":\"https:\\\/\\\/moritzcontent.com\\\/wp-content\\\/uploads\\\/2022\\\/09\\\/cropped-Logo_Moritz-.png\",\"contentUrl\":\"https:\\\/\\\/moritzcontent.com\\\/wp-content\\\/uploads\\\/2022\\\/09\\\/cropped-Logo_Moritz-.png\",\"width\":400,\"height\":222,\"caption\":\"Moritz Content\"},\"image\":{\"@id\":\"https:\\\/\\\/moritzcontent.com\\\/#\\\/schema\\\/logo\\\/image\\\/\"}}]}<\/script>\n<!-- \/ Yoast SEO plugin. -->","yoast_head_json":{"title":"Impressum - Moritz Content","robots":{"index":"index","follow":"follow","max-snippet":"max-snippet:-1","max-image-preview":"max-image-preview:large","max-video-preview":"max-video-preview:-1"},"canonical":"https:\/\/moritzcontent.com\/de\/impressum\/","og_locale":"de_DE","og_type":"article","og_title":"Impressum - Moritz Content","og_description":"Impressum &amp; Datenschutzerkl\u00e4rung Angaben gem\u00e4\u00df \u00a7 5 TMG: &nbsp; Moritz Content by Moritz Sauer Koloniestra\u00dfe 35a, 13359 Berlin mail@moritzcontent.com Gestaltung:\u2028 Mete.fyi &nbsp; Haftungsausschluss (Disclaimer) Haftung f\u00fcr Inhalte Als Diensteanbieter sind wir gem\u00e4\u00df \u00a7 7 Abs.1\u00a0TMG\u00a0f\u00fcr eigene Inhalte auf diesen Seiten nach den allgemeinen Gesetzen verantwortlich. Nach \u00a7\u00a7 8 bis 10\u00a0TMG\u00a0sind wir als Diensteanbieter jedoch nicht [&hellip;]","og_url":"https:\/\/moritzcontent.com\/de\/impressum\/","og_site_name":"Moritz Content","article_modified_time":"2023-02-17T09:05:12+00:00","twitter_card":"summary_large_image","twitter_misc":{"Gesch\u00e4tzte Lesezeit":"4\u00a0Minuten"},"schema":{"@context":"https:\/\/schema.org","@graph":[{"@type":"WebPage","@id":"https:\/\/moritzcontent.com\/de\/impressum\/","url":"https:\/\/moritzcontent.com\/de\/impressum\/","name":"Impressum - Moritz Content","isPartOf":{"@id":"https:\/\/moritzcontent.com\/#website"},"datePublished":"2022-09-01T11:48:55+00:00","dateModified":"2023-02-17T09:05:12+00:00","breadcrumb":{"@id":"https:\/\/moritzcontent.com\/de\/impressum\/#breadcrumb"},"inLanguage":"de","potentialAction":[{"@type":"ReadAction","target":["https:\/\/moritzcontent.com\/de\/impressum\/"]}]},{"@type":"BreadcrumbList","@id":"https:\/\/moritzcontent.com\/de\/impressum\/#breadcrumb","itemListElement":[{"@type":"ListItem","position":1,"name":"Home","item":"https:\/\/moritzcontent.com\/de\/"},{"@type":"ListItem","position":2,"name":"Impressum"}]},{"@type":"WebSite","@id":"https:\/\/moritzcontent.com\/#website","url":"https:\/\/moritzcontent.com\/","name":"Moritz Content","description":"content created by Moritz Sauer","publisher":{"@id":"https:\/\/moritzcontent.com\/#organization"},"potentialAction":[{"@type":"SearchAction","target":{"@type":"EntryPoint","urlTemplate":"https:\/\/moritzcontent.com\/?s={search_term_string}"},"query-input":{"@type":"PropertyValueSpecification","valueRequired":true,"valueName":"search_term_string"}}],"inLanguage":"de"},{"@type":"Organization","@id":"https:\/\/moritzcontent.com\/#organization","name":"Moritz Content","url":"https:\/\/moritzcontent.com\/","logo":{"@type":"ImageObject","inLanguage":"de","@id":"https:\/\/moritzcontent.com\/#\/schema\/logo\/image\/","url":"https:\/\/moritzcontent.com\/wp-content\/uploads\/2022\/09\/cropped-Logo_Moritz-.png","contentUrl":"https:\/\/moritzcontent.com\/wp-content\/uploads\/2022\/09\/cropped-Logo_Moritz-.png","width":400,"height":222,"caption":"Moritz Content"},"image":{"@id":"https:\/\/moritzcontent.com\/#\/schema\/logo\/image\/"}}]}},"_links":{"self":[{"href":"https:\/\/moritzcontent.com\/de\/wp-json\/wp\/v2\/pages\/2140","targetHints":{"allow":["GET"]}}],"collection":[{"href":"https:\/\/moritzcontent.com\/de\/wp-json\/wp\/v2\/pages"}],"about":[{"href":"https:\/\/moritzcontent.com\/de\/wp-json\/wp\/v2\/types\/page"}],"author":[{"embeddable":true,"href":"https:\/\/moritzcontent.com\/de\/wp-json\/wp\/v2\/users\/1"}],"replies":[{"embeddable":true,"href":"https:\/\/moritzcontent.com\/de\/wp-json\/wp\/v2\/comments?post=2140"}],"version-history":[{"count":4,"href":"https:\/\/moritzcontent.com\/de\/wp-json\/wp\/v2\/pages\/2140\/revisions"}],"predecessor-version":[{"id":2147,"href":"https:\/\/moritzcontent.com\/de\/wp-json\/wp\/v2\/pages\/2140\/revisions\/2147"}],"wp:attachment":[{"href":"https:\/\/moritzcontent.com\/de\/wp-json\/wp\/v2\/media?parent=2140"}],"curies":[{"name":"wp","href":"https:\/\/api.w.org\/{rel}","templated":true}]}}