{"id":1135,"date":"2021-11-03T15:06:07","date_gmt":"2021-11-03T15:06:07","guid":{"rendered":"https:\/\/moritzcontent.com\/about\/"},"modified":"2026-01-13T16:19:45","modified_gmt":"2026-01-13T16:19:45","slug":"about","status":"publish","type":"page","link":"https:\/\/moritzcontent.com\/de\/about\/","title":{"rendered":"About"},"content":{"rendered":"\t\t<div data-elementor-type=\"wp-page\" data-elementor-id=\"1135\" class=\"elementor elementor-1135 elementor-2\">\n\t\t\t\t\t\t<section class=\"elementor-section elementor-top-section elementor-element elementor-element-c4c8335 elementor-section-boxed elementor-section-height-default elementor-section-height-default\" data-id=\"c4c8335\" data-element_type=\"section\" data-e-type=\"section\">\n\t\t\t\t\t\t<div class=\"elementor-container elementor-column-gap-default\">\n\t\t\t\t\t<div class=\"elementor-column elementor-col-100 elementor-top-column elementor-element elementor-element-a540dbe\" data-id=\"a540dbe\" data-element_type=\"column\" data-e-type=\"column\">\n\t\t\t<div class=\"elementor-widget-wrap elementor-element-populated\">\n\t\t\t\t\t\t<div class=\"elementor-element elementor-element-0a50e7d elementor-widget elementor-widget-spacer\" data-id=\"0a50e7d\" data-element_type=\"widget\" data-e-type=\"widget\" data-widget_type=\"spacer.default\">\n\t\t\t\t<div class=\"elementor-widget-container\">\n\t\t\t\t\t\t\t<div class=\"elementor-spacer\">\n\t\t\t<div class=\"elementor-spacer-inner\"><\/div>\n\t\t<\/div>\n\t\t\t\t\t\t<\/div>\n\t\t\t\t<\/div>\n\t\t\t\t<section class=\"elementor-section elementor-inner-section elementor-element elementor-element-9b07580 elementor-section-boxed elementor-section-height-default elementor-section-height-default\" data-id=\"9b07580\" data-element_type=\"section\" data-e-type=\"section\">\n\t\t\t\t\t\t<div class=\"elementor-container elementor-column-gap-default\">\n\t\t\t\t\t<div class=\"elementor-column elementor-col-100 elementor-inner-column elementor-element elementor-element-df5977b\" data-id=\"df5977b\" data-element_type=\"column\" data-e-type=\"column\">\n\t\t\t<div class=\"elementor-widget-wrap elementor-element-populated\">\n\t\t\t\t\t\t<div class=\"elementor-element elementor-element-a50401a elementor-widget elementor-widget-text-editor\" data-id=\"a50401a\" data-element_type=\"widget\" data-e-type=\"widget\" data-widget_type=\"text-editor.default\">\n\t\t\t\t<div class=\"elementor-widget-container\">\n\t\t\t\t\t\t\t\t\t<p><strong>Moritz Sauer<\/strong> (er\/sie\/they) ist Schauspieler, Performerin, Autor*in und Stand-up-Comedian. Sie moderiert k\u00fcnstlerische Prozesse in den darstellenden K\u00fcnsten aus verschiedenen Positionen heraus, gestaltet performative Solo- und Videoarbeiten und unterrichtet Schreiben. Their content sind (meist) auto-fiktionale Reflexionen \u00fcber queere Identit\u00e4t, Sexualit\u00e4t und Trauma. Als <strong>EXPERT BY IDENTITY<\/strong> macht er Stand-up-Comedy, was seine autofiktionale, performancebasierte Schreibpraxis kontinuierlich beeinflusst. Sie lebt zwischen Berlin und Z\u00fcrich. F\u00fcr their detaillierten Lebenslauf, <b><a href=\"https:\/\/moritzcontent.com\/wp-content\/uploads\/2026\/01\/26.01.05._CV_Moritz-Sauer_DEU.pdf\">klick hier!<\/a><\/b><\/p>\t\t\t\t\t\t\t\t<\/div>\n\t\t\t\t<\/div>\n\t\t\t\t\t<\/div>\n\t\t<\/div>\n\t\t\t\t\t<\/div>\n\t\t<\/section>\n\t\t\t\t\t<\/div>\n\t\t<\/div>\n\t\t\t\t\t<\/div>\n\t\t<\/section>\n\t\t\t\t<\/div>\n\t\t","protected":false},"excerpt":{"rendered":"<p>Moritz Sauer (er\/sie\/they) ist Schauspieler, Performerin, Autor*in und Stand-up-Comedian. Sie moderiert k\u00fcnstlerische Prozesse in den darstellenden K\u00fcnsten aus verschiedenen Positionen heraus, gestaltet performative Solo- und Videoarbeiten und unterrichtet Schreiben. Their content sind (meist) auto-fiktionale Reflexionen \u00fcber queere Identit\u00e4t, Sexualit\u00e4t und Trauma. Als EXPERT BY IDENTITY macht er Stand-up-Comedy, was seine autofiktionale, performancebasierte Schreibpraxis kontinuierlich beeinflusst. [&hellip;]<\/p>\n","protected":false},"author":1,"featured_media":0,"parent":0,"menu_order":1,"comment_status":"closed","ping_status":"closed","template":"","meta":{"site-sidebar-layout":"no-sidebar","site-content-layout":"page-builder","ast-site-content-layout":"default","site-content-style":"default","site-sidebar-style":"default","ast-global-header-display":"","ast-banner-title-visibility":"","ast-main-header-display":"","ast-hfb-above-header-display":"","ast-hfb-below-header-display":"","ast-hfb-mobile-header-display":"","site-post-title":"disabled","ast-breadcrumbs-content":"","ast-featured-img":"disabled","footer-sml-layout":"","theme-transparent-header-meta":"default","adv-header-id-meta":"","stick-header-meta":"default","header-above-stick-meta":"","header-main-stick-meta":"","header-below-stick-meta":"","astra-migrate-meta-layouts":"default","ast-page-background-enabled":"default","ast-page-background-meta":{"desktop":{"background-color":"var(--ast-global-color-4)","background-image":"","background-repeat":"repeat","background-position":"center center","background-size":"auto","background-attachment":"scroll","background-type":"","background-media":"","overlay-type":"","overlay-color":"","overlay-opacity":"","overlay-gradient":""},"tablet":{"background-color":"","background-image":"","background-repeat":"repeat","background-position":"center center","background-size":"auto","background-attachment":"scroll","background-type":"","background-media":"","overlay-type":"","overlay-color":"","overlay-opacity":"","overlay-gradient":""},"mobile":{"background-color":"","background-image":"","background-repeat":"repeat","background-position":"center center","background-size":"auto","background-attachment":"scroll","background-type":"","background-media":"","overlay-type":"","overlay-color":"","overlay-opacity":"","overlay-gradient":""}},"ast-content-background-meta":{"desktop":{"background-color":"var(--ast-global-color-5)","background-image":"","background-repeat":"repeat","background-position":"center center","background-size":"auto","background-attachment":"scroll","background-type":"","background-media":"","overlay-type":"","overlay-color":"","overlay-opacity":"","overlay-gradient":""},"tablet":{"background-color":"var(--ast-global-color-5)","background-image":"","background-repeat":"repeat","background-position":"center center","background-size":"auto","background-attachment":"scroll","background-type":"","background-media":"","overlay-type":"","overlay-color":"","overlay-opacity":"","overlay-gradient":""},"mobile":{"background-color":"var(--ast-global-color-5)","background-image":"","background-repeat":"repeat","background-position":"center center","background-size":"auto","background-attachment":"scroll","background-type":"","background-media":"","overlay-type":"","overlay-color":"","overlay-opacity":"","overlay-gradient":""}},"footnotes":""},"class_list":["post-1135","page","type-page","status-publish","hentry"],"yoast_head":"<!-- This site is optimized with the Yoast SEO plugin v27.4 - https:\/\/yoast.com\/product\/yoast-seo-wordpress\/ -->\n<title>About - Moritz Content<\/title>\n<meta name=\"description\" content=\"moritz content von Moritz Sauer, Performer und Autor. Er moderiert k\u00fcnstlerische Prozesse und arbeitet mit Menschen, deren Gehirne er liebt.\" \/>\n<meta name=\"robots\" content=\"index, follow, max-snippet:-1, max-image-preview:large, max-video-preview:-1\" \/>\n<link rel=\"canonical\" href=\"https:\/\/moritzcontent.com\/de\/about\/\" \/>\n<meta property=\"og:locale\" content=\"de_DE\" \/>\n<meta property=\"og:type\" content=\"article\" \/>\n<meta property=\"og:title\" content=\"About - Moritz Content\" \/>\n<meta property=\"og:description\" content=\"moritz content von Moritz Sauer, Performer und Autor. Er moderiert k\u00fcnstlerische Prozesse und arbeitet mit Menschen, deren Gehirne er liebt.\" \/>\n<meta property=\"og:url\" content=\"https:\/\/moritzcontent.com\/de\/about\/\" \/>\n<meta property=\"og:site_name\" content=\"Moritz Content\" \/>\n<meta property=\"article:modified_time\" content=\"2026-01-13T16:19:45+00:00\" \/>\n<meta name=\"twitter:card\" content=\"summary_large_image\" \/>\n<meta name=\"twitter:label1\" content=\"Gesch\u00e4tzte Lesezeit\" \/>\n\t<meta name=\"twitter:data1\" content=\"1\u00a0Minute\" \/>\n<script type=\"application\/ld+json\" class=\"yoast-schema-graph\">{\"@context\":\"https:\\\/\\\/schema.org\",\"@graph\":[{\"@type\":\"WebPage\",\"@id\":\"https:\\\/\\\/moritzcontent.com\\\/de\\\/about\\\/\",\"url\":\"https:\\\/\\\/moritzcontent.com\\\/de\\\/about\\\/\",\"name\":\"About - Moritz Content\",\"isPartOf\":{\"@id\":\"https:\\\/\\\/moritzcontent.com\\\/#website\"},\"datePublished\":\"2021-11-03T15:06:07+00:00\",\"dateModified\":\"2026-01-13T16:19:45+00:00\",\"description\":\"moritz content von Moritz Sauer, Performer und Autor. Er moderiert k\u00fcnstlerische Prozesse und arbeitet mit Menschen, deren Gehirne er liebt.\",\"breadcrumb\":{\"@id\":\"https:\\\/\\\/moritzcontent.com\\\/de\\\/about\\\/#breadcrumb\"},\"inLanguage\":\"de\",\"potentialAction\":[{\"@type\":\"ReadAction\",\"target\":[\"https:\\\/\\\/moritzcontent.com\\\/de\\\/about\\\/\"]}]},{\"@type\":\"BreadcrumbList\",\"@id\":\"https:\\\/\\\/moritzcontent.com\\\/de\\\/about\\\/#breadcrumb\",\"itemListElement\":[{\"@type\":\"ListItem\",\"position\":1,\"name\":\"Home\",\"item\":\"https:\\\/\\\/moritzcontent.com\\\/de\\\/\"},{\"@type\":\"ListItem\",\"position\":2,\"name\":\"About\"}]},{\"@type\":\"WebSite\",\"@id\":\"https:\\\/\\\/moritzcontent.com\\\/#website\",\"url\":\"https:\\\/\\\/moritzcontent.com\\\/\",\"name\":\"Moritz Content\",\"description\":\"content created by Moritz Sauer\",\"publisher\":{\"@id\":\"https:\\\/\\\/moritzcontent.com\\\/#organization\"},\"potentialAction\":[{\"@type\":\"SearchAction\",\"target\":{\"@type\":\"EntryPoint\",\"urlTemplate\":\"https:\\\/\\\/moritzcontent.com\\\/?s={search_term_string}\"},\"query-input\":{\"@type\":\"PropertyValueSpecification\",\"valueRequired\":true,\"valueName\":\"search_term_string\"}}],\"inLanguage\":\"de\"},{\"@type\":\"Organization\",\"@id\":\"https:\\\/\\\/moritzcontent.com\\\/#organization\",\"name\":\"Moritz Content\",\"url\":\"https:\\\/\\\/moritzcontent.com\\\/\",\"logo\":{\"@type\":\"ImageObject\",\"inLanguage\":\"de\",\"@id\":\"https:\\\/\\\/moritzcontent.com\\\/#\\\/schema\\\/logo\\\/image\\\/\",\"url\":\"https:\\\/\\\/moritzcontent.com\\\/wp-content\\\/uploads\\\/2022\\\/09\\\/cropped-Logo_Moritz-.png\",\"contentUrl\":\"https:\\\/\\\/moritzcontent.com\\\/wp-content\\\/uploads\\\/2022\\\/09\\\/cropped-Logo_Moritz-.png\",\"width\":400,\"height\":222,\"caption\":\"Moritz Content\"},\"image\":{\"@id\":\"https:\\\/\\\/moritzcontent.com\\\/#\\\/schema\\\/logo\\\/image\\\/\"}}]}<\/script>\n<!-- \/ Yoast SEO plugin. -->","yoast_head_json":{"title":"About - Moritz Content","description":"moritz content von Moritz Sauer, Performer und Autor. Er moderiert k\u00fcnstlerische Prozesse und arbeitet mit Menschen, deren Gehirne er liebt.","robots":{"index":"index","follow":"follow","max-snippet":"max-snippet:-1","max-image-preview":"max-image-preview:large","max-video-preview":"max-video-preview:-1"},"canonical":"https:\/\/moritzcontent.com\/de\/about\/","og_locale":"de_DE","og_type":"article","og_title":"About - Moritz Content","og_description":"moritz content von Moritz Sauer, Performer und Autor. Er moderiert k\u00fcnstlerische Prozesse und arbeitet mit Menschen, deren Gehirne er liebt.","og_url":"https:\/\/moritzcontent.com\/de\/about\/","og_site_name":"Moritz Content","article_modified_time":"2026-01-13T16:19:45+00:00","twitter_card":"summary_large_image","twitter_misc":{"Gesch\u00e4tzte Lesezeit":"1\u00a0Minute"},"schema":{"@context":"https:\/\/schema.org","@graph":[{"@type":"WebPage","@id":"https:\/\/moritzcontent.com\/de\/about\/","url":"https:\/\/moritzcontent.com\/de\/about\/","name":"About - Moritz Content","isPartOf":{"@id":"https:\/\/moritzcontent.com\/#website"},"datePublished":"2021-11-03T15:06:07+00:00","dateModified":"2026-01-13T16:19:45+00:00","description":"moritz content von Moritz Sauer, Performer und Autor. Er moderiert k\u00fcnstlerische Prozesse und arbeitet mit Menschen, deren Gehirne er liebt.","breadcrumb":{"@id":"https:\/\/moritzcontent.com\/de\/about\/#breadcrumb"},"inLanguage":"de","potentialAction":[{"@type":"ReadAction","target":["https:\/\/moritzcontent.com\/de\/about\/"]}]},{"@type":"BreadcrumbList","@id":"https:\/\/moritzcontent.com\/de\/about\/#breadcrumb","itemListElement":[{"@type":"ListItem","position":1,"name":"Home","item":"https:\/\/moritzcontent.com\/de\/"},{"@type":"ListItem","position":2,"name":"About"}]},{"@type":"WebSite","@id":"https:\/\/moritzcontent.com\/#website","url":"https:\/\/moritzcontent.com\/","name":"Moritz Content","description":"content created by Moritz Sauer","publisher":{"@id":"https:\/\/moritzcontent.com\/#organization"},"potentialAction":[{"@type":"SearchAction","target":{"@type":"EntryPoint","urlTemplate":"https:\/\/moritzcontent.com\/?s={search_term_string}"},"query-input":{"@type":"PropertyValueSpecification","valueRequired":true,"valueName":"search_term_string"}}],"inLanguage":"de"},{"@type":"Organization","@id":"https:\/\/moritzcontent.com\/#organization","name":"Moritz Content","url":"https:\/\/moritzcontent.com\/","logo":{"@type":"ImageObject","inLanguage":"de","@id":"https:\/\/moritzcontent.com\/#\/schema\/logo\/image\/","url":"https:\/\/moritzcontent.com\/wp-content\/uploads\/2022\/09\/cropped-Logo_Moritz-.png","contentUrl":"https:\/\/moritzcontent.com\/wp-content\/uploads\/2022\/09\/cropped-Logo_Moritz-.png","width":400,"height":222,"caption":"Moritz Content"},"image":{"@id":"https:\/\/moritzcontent.com\/#\/schema\/logo\/image\/"}}]}},"_links":{"self":[{"href":"https:\/\/moritzcontent.com\/de\/wp-json\/wp\/v2\/pages\/1135","targetHints":{"allow":["GET"]}}],"collection":[{"href":"https:\/\/moritzcontent.com\/de\/wp-json\/wp\/v2\/pages"}],"about":[{"href":"https:\/\/moritzcontent.com\/de\/wp-json\/wp\/v2\/types\/page"}],"author":[{"embeddable":true,"href":"https:\/\/moritzcontent.com\/de\/wp-json\/wp\/v2\/users\/1"}],"replies":[{"embeddable":true,"href":"https:\/\/moritzcontent.com\/de\/wp-json\/wp\/v2\/comments?post=1135"}],"version-history":[{"count":58,"href":"https:\/\/moritzcontent.com\/de\/wp-json\/wp\/v2\/pages\/1135\/revisions"}],"predecessor-version":[{"id":3159,"href":"https:\/\/moritzcontent.com\/de\/wp-json\/wp\/v2\/pages\/1135\/revisions\/3159"}],"wp:attachment":[{"href":"https:\/\/moritzcontent.com\/de\/wp-json\/wp\/v2\/media?parent=1135"}],"curies":[{"name":"wp","href":"https:\/\/api.w.org\/{rel}","templated":true}]}}